{"id":683,"date":"2022-11-25T10:15:00","date_gmt":"2022-11-25T10:15:00","guid":{"rendered":"https:\/\/ruehle.scholz-server.de\/?page_id=683"},"modified":"2022-12-02T10:53:57","modified_gmt":"2022-12-02T10:53:57","slug":"raffstore","status":"publish","type":"page","link":"https:\/\/ruehle-gmbh.de\/index.php\/raffstore\/","title":{"rendered":"Raffstore"},"content":{"rendered":"\t\t<div data-elementor-type=\"wp-page\" data-elementor-id=\"683\" class=\"elementor elementor-683\" data-elementor-post-type=\"page\">\n\t\t\t\t\t\t<section class=\"elementor-section elementor-top-section elementor-element elementor-element-1c8a04e elementor-section-boxed elementor-section-height-default elementor-section-height-default\" data-id=\"1c8a04e\" data-element_type=\"section\" data-e-type=\"section\">\n\t\t\t\t\t\t<div class=\"elementor-container elementor-column-gap-default\">\n\t\t\t\t\t<div class=\"elementor-column elementor-col-100 elementor-top-column elementor-element elementor-element-914dec0\" data-id=\"914dec0\" data-element_type=\"column\" data-e-type=\"column\">\n\t\t\t<div class=\"elementor-widget-wrap elementor-element-populated\">\n\t\t\t\t\t\t<div class=\"elementor-element elementor-element-de6ad4a elementor-arrows-position-outside elementor-pagination-position-outside elementor--h-position-center elementor--v-position-middle elementor-widget elementor-widget-slides\" data-id=\"de6ad4a\" data-element_type=\"widget\" data-e-type=\"widget\" data-settings=\"{&quot;navigation&quot;:&quot;both&quot;,&quot;autoplay&quot;:&quot;yes&quot;,&quot;pause_on_hover&quot;:&quot;yes&quot;,&quot;pause_on_interaction&quot;:&quot;yes&quot;,&quot;autoplay_speed&quot;:5000,&quot;infinite&quot;:&quot;yes&quot;,&quot;transition&quot;:&quot;slide&quot;,&quot;transition_speed&quot;:500}\" data-widget_type=\"slides.default\">\n\t\t\t\t<div class=\"elementor-widget-container\">\n\t\t\t\t\t\t\t\t\t<div class=\"elementor-swiper\">\n\t\t\t\t\t<div class=\"elementor-slides-wrapper elementor-main-swiper swiper\" role=\"region\" aria-roledescription=\"carousel\" aria-label=\"Slider\" dir=\"ltr\" data-animation=\"fadeInUp\">\n\t\t\t\t<div class=\"swiper-wrapper elementor-slides\">\n\t\t\t\t\t\t\t\t\t\t<div class=\"elementor-repeater-item-6024ad8 swiper-slide\" role=\"group\" aria-roledescription=\"slide\"><div class=\"swiper-slide-bg\" role=\"img\"><\/div><div class=\"swiper-slide-inner\" ><div class=\"swiper-slide-contents\"><\/div><\/div><\/div><div class=\"elementor-repeater-item-cfe55bc swiper-slide\" role=\"group\" aria-roledescription=\"slide\"><div class=\"swiper-slide-bg\" role=\"img\"><\/div><div class=\"swiper-slide-inner\" ><div class=\"swiper-slide-contents\"><\/div><\/div><\/div><div class=\"elementor-repeater-item-74a22b9 swiper-slide\" role=\"group\" aria-roledescription=\"slide\"><div class=\"swiper-slide-bg\" role=\"img\"><\/div><div class=\"swiper-slide-inner\" ><div class=\"swiper-slide-contents\"><\/div><\/div><\/div>\t\t\t\t<\/div>\n\t\t\t\t\t\t\t\t\t\t\t\t\t\t\t<div class=\"elementor-swiper-button elementor-swiper-button-prev\" role=\"button\" tabindex=\"0\" aria-label=\"Previous slide\">\n\t\t\t\t\t\t\t<i aria-hidden=\"true\" class=\"eicon-chevron-left\"><\/i>\t\t\t\t\t\t<\/div>\n\t\t\t\t\t\t<div class=\"elementor-swiper-button elementor-swiper-button-next\" role=\"button\" tabindex=\"0\" aria-label=\"Next slide\">\n\t\t\t\t\t\t\t<i aria-hidden=\"true\" class=\"eicon-chevron-right\"><\/i>\t\t\t\t\t\t<\/div>\n\t\t\t\t\t\t\t\t\t\t\t\t\t\t\t\t<div class=\"swiper-pagination\"><\/div>\n\t\t\t\t\t\t\t\t\t\t\t\t<\/div>\n\t\t\t\t<\/div>\n\t\t\t\t\t\t\t\t<\/div>\n\t\t\t\t<\/div>\n\t\t\t\t\t<\/div>\n\t\t<\/div>\n\t\t\t\t\t<\/div>\n\t\t<\/section>\n\t\t\t\t<section class=\"elementor-section elementor-top-section elementor-element elementor-element-a63cd64 elementor-section-boxed elementor-section-height-default elementor-section-height-default\" data-id=\"a63cd64\" data-element_type=\"section\" data-e-type=\"section\">\n\t\t\t\t\t\t<div class=\"elementor-container elementor-column-gap-default\">\n\t\t\t\t\t<div class=\"elementor-column elementor-col-50 elementor-top-column elementor-element elementor-element-668f0a6\" data-id=\"668f0a6\" data-element_type=\"column\" data-e-type=\"column\">\n\t\t\t<div class=\"elementor-widget-wrap elementor-element-populated\">\n\t\t\t\t\t\t<div class=\"elementor-element elementor-element-9f9b68b elementor-widget elementor-widget-text-editor\" data-id=\"9f9b68b\" data-element_type=\"widget\" data-e-type=\"widget\" data-widget_type=\"text-editor.default\">\n\t\t\t\t<div class=\"elementor-widget-container\">\n\t\t\t\t\t\t\t\t\t<p><span style=\"font-family: Arial, serif;\"><span style=\"font-size: small;\"><b>Raffstoren von ROMA<br \/>Privatsph\u00e4re made in Germany.<\/b><\/span><\/span><\/p><p><span style=\"font-family: Arial, serif;\"><span style=\"font-size: small;\">Nach einem langen Tag kommen Sie nach Hause und wollen nur noch das tun, worauf Sie Lust haben. Ein Nickerchen? Zeit zu zweit? Oder einfach nur die F\u00fc\u00dfe hochlegen? Was auch immer Sie vorhaben, mit unseren Sicht- und Sonnenschutzsystemen von ROMA machen wir Ihnen als Fachpartner das Leben ein bisschen leichter und sch\u00f6ner. Denn die innovativen Sichtschutzsysteme von ROMA schenken Ihnen genau so viel Privatsph\u00e4re, wie Sie w\u00fcnschen. Sie interessieren sich f\u00fcr Raffstoren. <\/span><\/span><span style=\"font-family: Arial, serif;\"><span style=\"font-size: small;\"><u>Wir beraten Sie gerne<\/u><\/span><\/span><span style=\"font-family: Arial, serif;\"><span style=\"font-size: small;\">! <br \/><br \/><\/span><\/span><\/p><p><span style=\"font-family: Arial, serif;\"><span style=\"font-size: small;\">Raum &amp; Atmosph\u00e4re<\/span><\/span><\/p><p><span style=\"font-family: Arial, serif;\"><span style=\"font-size: small;\"><b>Die Kunst, Licht stufenlos zu lenken.<\/b><\/span><\/span><\/p><p><span style=\"font-family: Arial, serif;\"><span style=\"font-size: small;\">Einen Gro\u00dfteil unseres Lebens verbringen wir innerhalb unserer Wohnr\u00e4ume. Fenster bilden eine wichtige Schnittstelle zwischen drinnen und drau\u00dfen: Sie sollen so viel Tageslicht wie m\u00f6glich hereinlassen, trotzdem aber auch Privatsph\u00e4re schaffen. Dabei helfen au\u00dfenliegende Raffstoren von ROMA. Je nach Stand der Sonne k\u00f6nnen Sie das nat\u00fcrliche Licht stufenlos in Ihre Wohnr\u00e4ume lenken. Erhellen Sie, ohne stark aufzuheizen; dunkeln Sie ab, ohne sich die Sicht nach drau\u00dfen zu nehmen. Unsere Raffstoren bieten die ideale Kombination aus Komfort und Freiheit.<\/span><\/span><\/p>\t\t\t\t\t\t\t\t<\/div>\n\t\t\t\t<\/div>\n\t\t\t\t\t<\/div>\n\t\t<\/div>\n\t\t\t\t<div class=\"elementor-column elementor-col-50 elementor-top-column elementor-element elementor-element-3ab14af\" data-id=\"3ab14af\" data-element_type=\"column\" data-e-type=\"column\">\n\t\t\t<div class=\"elementor-widget-wrap elementor-element-populated\">\n\t\t\t\t\t\t<div class=\"elementor-element elementor-element-d28ef6a elementor-widget elementor-widget-image\" data-id=\"d28ef6a\" data-element_type=\"widget\" data-e-type=\"widget\" data-widget_type=\"image.default\">\n\t\t\t\t<div class=\"elementor-widget-container\">\n\t\t\t\t\t\t\t\t\t\t\t\t\t\t\t<img fetchpriority=\"high\" decoding=\"async\" width=\"300\" height=\"300\" src=\"https:\/\/ruehle-gmbh.de\/wp-content\/uploads\/2022\/11\/logo.png\" class=\"attachment-full size-full wp-image-694\" alt=\"\" srcset=\"https:\/\/ruehle-gmbh.de\/wp-content\/uploads\/2022\/11\/logo.png 300w, https:\/\/ruehle-gmbh.de\/wp-content\/uploads\/2022\/11\/logo-150x150.png 150w\" sizes=\"(max-width: 300px) 100vw, 300px\" \/>\t\t\t\t\t\t\t\t\t\t\t\t\t\t\t<\/div>\n\t\t\t\t<\/div>\n\t\t\t\t\t<\/div>\n\t\t<\/div>\n\t\t\t\t\t<\/div>\n\t\t<\/section>\n\t\t\t\t<\/div>\n\t\t","protected":false},"excerpt":{"rendered":"<p>Voriger N\u00e4chster Raffstoren von ROMAPrivatsph\u00e4re made in Germany. Nach einem langen Tag kommen Sie nach Hause und wollen nur noch das tun, worauf Sie Lust haben. Ein Nickerchen? Zeit zu zweit? Oder einfach nur die F\u00fc\u00dfe hochlegen? Was auch immer Sie vorhaben, mit unseren Sicht- und Sonnenschutzsystemen von ROMA machen wir Ihnen als Fachpartner das [&hellip;]<\/p>\n","protected":false},"author":1,"featured_media":0,"parent":0,"menu_order":0,"comment_status":"closed","ping_status":"closed","template":"","meta":{"inline_featured_image":false,"footnotes":""},"class_list":["post-683","page","type-page","status-publish","hentry"],"_links":{"self":[{"href":"https:\/\/ruehle-gmbh.de\/index.php\/wp-json\/wp\/v2\/pages\/683","targetHints":{"allow":["GET"]}}],"collection":[{"href":"https:\/\/ruehle-gmbh.de\/index.php\/wp-json\/wp\/v2\/pages"}],"about":[{"href":"https:\/\/ruehle-gmbh.de\/index.php\/wp-json\/wp\/v2\/types\/page"}],"author":[{"embeddable":true,"href":"https:\/\/ruehle-gmbh.de\/index.php\/wp-json\/wp\/v2\/users\/1"}],"replies":[{"embeddable":true,"href":"https:\/\/ruehle-gmbh.de\/index.php\/wp-json\/wp\/v2\/comments?post=683"}],"version-history":[{"count":25,"href":"https:\/\/ruehle-gmbh.de\/index.php\/wp-json\/wp\/v2\/pages\/683\/revisions"}],"predecessor-version":[{"id":838,"href":"https:\/\/ruehle-gmbh.de\/index.php\/wp-json\/wp\/v2\/pages\/683\/revisions\/838"}],"wp:attachment":[{"href":"https:\/\/ruehle-gmbh.de\/index.php\/wp-json\/wp\/v2\/media?parent=683"}],"curies":[{"name":"wp","href":"https:\/\/api.w.org\/{rel}","templated":true}]}}