{"id":186,"date":"2022-03-19T17:53:42","date_gmt":"2022-03-19T17:53:42","guid":{"rendered":"https:\/\/ruehle.scholz-server.de\/?page_id=186"},"modified":"2022-12-02T10:38:05","modified_gmt":"2022-12-02T10:38:05","slug":"markisen","status":"publish","type":"page","link":"https:\/\/ruehle-gmbh.de\/index.php\/markisen\/","title":{"rendered":"Markisen"},"content":{"rendered":"\t\t<div data-elementor-type=\"wp-page\" data-elementor-id=\"186\" class=\"elementor elementor-186\" data-elementor-post-type=\"page\">\n\t\t\t\t\t\t<section class=\"elementor-section elementor-top-section elementor-element elementor-element-719658f elementor-section-boxed elementor-section-height-default elementor-section-height-default\" data-id=\"719658f\" data-element_type=\"section\" data-e-type=\"section\">\n\t\t\t\t\t\t<div class=\"elementor-container elementor-column-gap-default\">\n\t\t\t\t\t<div class=\"elementor-column elementor-col-50 elementor-top-column elementor-element elementor-element-356578a\" data-id=\"356578a\" data-element_type=\"column\" data-e-type=\"column\">\n\t\t\t<div class=\"elementor-widget-wrap elementor-element-populated\">\n\t\t\t\t\t\t<div class=\"elementor-element elementor-element-a8fd84b elementor-widget elementor-widget-text-editor\" data-id=\"a8fd84b\" data-element_type=\"widget\" data-e-type=\"widget\" data-widget_type=\"text-editor.default\">\n\t\t\t\t<div class=\"elementor-widget-container\">\n\t\t\t\t\t\t\t\t\t<p class=\"Normal tm5\"><strong><span class=\"tm6\">Outdoor Living \u2013 Lebensraum wird zu Freiraum<\/span><\/strong><\/p><p class=\"Normal tm5\"><strong><span class=\"tm7\">Den passenden Sonnenschutz finden mit <\/span><span class=\"tm7\">Firma R\u00fchle GmbH<\/span><\/strong><span style=\"color: var( --e-global-color-text ); font-family: var( --e-global-typography-text-font-family ), Sans-serif; font-weight: var( --e-global-typography-text-font-weight ); font-size: 1rem;\">\u00a0<\/span><\/p><p class=\"Normal tm5\"><span class=\"tm8\">Die Sommerw\u00e4rme aufsaugen, die Bl\u00e4tter in einer sanften Brise rascheln h\u00f6ren, den w\u00fcrzigen Duft regennasser Erde einatmen \u2013 Menschen brauchen die Natur, um sich vom hektischen Alltag zu erholen. Das Leben drau\u00dfen wird als Ausgleich immer wichtiger und Garten, Terrasse oder Balkon gewinnen als Freiraum an Bedeutung. Wer seine Freifl\u00e4chen m\u00f6glichst saisonunabh\u00e4ngig genie\u00dfen m\u00f6chte, ben\u00f6tigt daf\u00fcr den passenden Sonnen- und Wetterschutz. Bei der Entscheidung f\u00fcr die beste L\u00f6sung unterst\u00fctzt <\/span><span class=\"tm8\">Firma <span class=\"tm7\">R\u00fchle GmbH<\/span><\/span><span class=\"tm8\">\u00a0mit professioneller Beratung und dem technischen Know-how: Damit sich alle W\u00fcnsche f\u00fcr den neuen Lieblingsplatz im Freien erf\u00fcllen.<\/span><\/p>\t\t\t\t\t\t\t\t<\/div>\n\t\t\t\t<\/div>\n\t\t\t\t\t<\/div>\n\t\t<\/div>\n\t\t\t\t<div class=\"elementor-column elementor-col-50 elementor-top-column elementor-element elementor-element-fe2dd0c\" data-id=\"fe2dd0c\" data-element_type=\"column\" data-e-type=\"column\">\n\t\t\t<div class=\"elementor-widget-wrap elementor-element-populated\">\n\t\t\t\t\t\t<div class=\"elementor-element elementor-element-f2648ab elementor-widget elementor-widget-image\" data-id=\"f2648ab\" data-element_type=\"widget\" data-e-type=\"widget\" data-widget_type=\"image.default\">\n\t\t\t\t<div class=\"elementor-widget-container\">\n\t\t\t\t\t\t\t\t\t\t\t\t\t\t\t<img fetchpriority=\"high\" decoding=\"async\" width=\"1024\" height=\"650\" src=\"https:\/\/ruehle-gmbh.de\/wp-content\/uploads\/2022\/12\/WAREMA_logo.svg\" class=\"attachment-full size-full wp-image-801\" alt=\"\" \/>\t\t\t\t\t\t\t\t\t\t\t\t\t\t\t<\/div>\n\t\t\t\t<\/div>\n\t\t\t\t\t<\/div>\n\t\t<\/div>\n\t\t\t\t\t<\/div>\n\t\t<\/section>\n\t\t\t\t<section class=\"elementor-section elementor-top-section elementor-element elementor-element-1a867c3 elementor-section-boxed elementor-section-height-default elementor-section-height-default\" data-id=\"1a867c3\" data-element_type=\"section\" data-e-type=\"section\">\n\t\t\t\t\t\t<div class=\"elementor-container elementor-column-gap-default\">\n\t\t\t\t\t<div class=\"elementor-column elementor-col-100 elementor-top-column elementor-element elementor-element-c869751\" data-id=\"c869751\" data-element_type=\"column\" data-e-type=\"column\">\n\t\t\t<div class=\"elementor-widget-wrap elementor-element-populated\">\n\t\t\t\t\t\t<div class=\"elementor-element elementor-element-338bcff elementor-widget elementor-widget-image\" data-id=\"338bcff\" data-element_type=\"widget\" data-e-type=\"widget\" data-widget_type=\"image.default\">\n\t\t\t\t<div class=\"elementor-widget-container\">\n\t\t\t\t\t\t\t\t\t\t\t\t<figure class=\"wp-caption\">\n\t\t\t\t\t\t\t\t\t\t\t<a href=\"https:\/\/ruehle-gmbh.de\/wp-content\/uploads\/2022\/03\/WAREMA_Terrea_K50_9966794v1-scaled.jpg\" data-elementor-open-lightbox=\"yes\" data-elementor-lightbox-title=\"WAREMA_Terrea_K50_9966794v1\" data-e-action-hash=\"#elementor-action%3Aaction%3Dlightbox%26settings%3DeyJpZCI6MTg5LCJ1cmwiOiJodHRwczpcL1wvcnVlaGxlLWdtYmguZGVcL3dwLWNvbnRlbnRcL3VwbG9hZHNcLzIwMjJcLzAzXC9XQVJFTUFfVGVycmVhX0s1MF85OTY2Nzk0djEtc2NhbGVkLmpwZyJ9\">\n\t\t\t\t\t\t\t<img decoding=\"async\" width=\"2560\" height=\"1707\" src=\"https:\/\/ruehle-gmbh.de\/wp-content\/uploads\/2022\/03\/WAREMA_Terrea_K50_9966794v1-scaled.jpg\" class=\"attachment-full size-full wp-image-189\" alt=\"\" srcset=\"https:\/\/ruehle-gmbh.de\/wp-content\/uploads\/2022\/03\/WAREMA_Terrea_K50_9966794v1-scaled.jpg 2560w, https:\/\/ruehle-gmbh.de\/wp-content\/uploads\/2022\/03\/WAREMA_Terrea_K50_9966794v1-300x200.jpg 300w, https:\/\/ruehle-gmbh.de\/wp-content\/uploads\/2022\/03\/WAREMA_Terrea_K50_9966794v1-1024x683.jpg 1024w, https:\/\/ruehle-gmbh.de\/wp-content\/uploads\/2022\/03\/WAREMA_Terrea_K50_9966794v1-768x512.jpg 768w, https:\/\/ruehle-gmbh.de\/wp-content\/uploads\/2022\/03\/WAREMA_Terrea_K50_9966794v1-1536x1024.jpg 1536w, https:\/\/ruehle-gmbh.de\/wp-content\/uploads\/2022\/03\/WAREMA_Terrea_K50_9966794v1-2048x1365.jpg 2048w\" sizes=\"(max-width: 2560px) 100vw, 2560px\" \/>\t\t\t\t\t\t\t\t<\/a>\n\t\t\t\t\t\t\t\t\t\t\t<figcaption class=\"widget-image-caption wp-caption-text\"><\/figcaption>\n\t\t\t\t\t\t\t\t\t\t<\/figure>\n\t\t\t\t\t\t\t\t\t<\/div>\n\t\t\t\t<\/div>\n\t\t\t\t\t<\/div>\n\t\t<\/div>\n\t\t\t\t\t<\/div>\n\t\t<\/section>\n\t\t\t\t<section class=\"elementor-section elementor-top-section elementor-element elementor-element-37b316f elementor-section-boxed elementor-section-height-default elementor-section-height-default\" data-id=\"37b316f\" data-element_type=\"section\" data-e-type=\"section\">\n\t\t\t\t\t\t<div class=\"elementor-container elementor-column-gap-default\">\n\t\t\t\t\t<div class=\"elementor-column elementor-col-100 elementor-top-column elementor-element elementor-element-349c95f\" data-id=\"349c95f\" data-element_type=\"column\" data-e-type=\"column\">\n\t\t\t<div class=\"elementor-widget-wrap elementor-element-populated\">\n\t\t\t\t\t\t<div class=\"elementor-element elementor-element-55e550a elementor-widget elementor-widget-text-editor\" data-id=\"55e550a\" data-element_type=\"widget\" data-e-type=\"widget\" data-widget_type=\"text-editor.default\">\n\t\t\t\t<div class=\"elementor-widget-container\">\n\t\t\t\t\t\t\t\t\t<p class=\"Normal tm5\"><span class=\"tm8\" style=\"color: var( --e-global-color-text ); font-family: var( --e-global-typography-text-font-family ), Sans-serif; font-weight: var( --e-global-typography-text-font-weight ); font-size: 1rem;\">Outdoor Living, das ist das Leben au\u00dferhalb von geschlossenen R\u00e4umen. Doch je mehr Aktivit\u00e4ten sich nach drau\u00dfen verlagern, umso wohnlicher soll es auch dort sein. Zahlreiche Trends aus dem Interior Design setzen sich bei der Gestaltung der Freifl\u00e4chen fort. So ist auch die Terrasse von Komfort und Wohnlichkeit gepr\u00e4gt, die sich ganz nach den eigenen Anspr\u00fcchen an \u00c4sthetik und Funktionalit\u00e4t richten.<\/span> <span class=\"tm8\" style=\"color: var( --e-global-color-text ); font-family: var( --e-global-typography-text-font-family ), Sans-serif; font-weight: var( --e-global-typography-text-font-weight ); font-size: 1rem;\">Warema bietet hier individuelle L\u00f6sungen f\u00fcr jedes Zuhause und jeden Einsatz.<\/span><\/p>\t\t\t\t\t\t\t\t<\/div>\n\t\t\t\t<\/div>\n\t\t\t\t<div class=\"elementor-element elementor-element-95924b2 elementor-widget elementor-widget-image\" data-id=\"95924b2\" data-element_type=\"widget\" data-e-type=\"widget\" data-widget_type=\"image.default\">\n\t\t\t\t<div class=\"elementor-widget-container\">\n\t\t\t\t\t\t\t\t\t\t\t\t<figure class=\"wp-caption\">\n\t\t\t\t\t\t\t\t\t\t\t<a href=\"https:\/\/ruehle-gmbh.de\/wp-content\/uploads\/2022\/03\/WAREMA_Terrea_K70_9958431v1.jpg\" data-elementor-open-lightbox=\"yes\" data-e-action-hash=\"#elementor-action%3Aaction%3Dlightbox%26settings%3DeyJpZCI6MTkwLCJ1cmwiOmZhbHNlfQ%3D%3D\">\n\t\t\t\t\t\t\t<img decoding=\"async\" src=\"https:\/\/ruehle-gmbh.de\/wp-content\/uploads\/2022\/03\/WAREMA_Terrea_K70_9958431v1.jpg\" title=\"\" alt=\"\" loading=\"lazy\" \/>\t\t\t\t\t\t\t\t<\/a>\n\t\t\t\t\t\t\t\t\t\t\t<figcaption class=\"widget-image-caption wp-caption-text\"><\/figcaption>\n\t\t\t\t\t\t\t\t\t\t<\/figure>\n\t\t\t\t\t\t\t\t\t<\/div>\n\t\t\t\t<\/div>\n\t\t\t\t\t<\/div>\n\t\t<\/div>\n\t\t\t\t\t<\/div>\n\t\t<\/section>\n\t\t\t\t<section class=\"elementor-section elementor-top-section elementor-element elementor-element-ac9b932 elementor-section-boxed elementor-section-height-default elementor-section-height-default\" data-id=\"ac9b932\" data-element_type=\"section\" data-e-type=\"section\">\n\t\t\t\t\t\t<div class=\"elementor-container elementor-column-gap-default\">\n\t\t\t\t\t<div class=\"elementor-column elementor-col-100 elementor-top-column elementor-element elementor-element-01df37b\" data-id=\"01df37b\" data-element_type=\"column\" data-e-type=\"column\">\n\t\t\t<div class=\"elementor-widget-wrap elementor-element-populated\">\n\t\t\t\t\t\t<div class=\"elementor-element elementor-element-3114153 elementor-widget elementor-widget-text-editor\" data-id=\"3114153\" data-element_type=\"widget\" data-e-type=\"widget\" data-widget_type=\"text-editor.default\">\n\t\t\t\t<div class=\"elementor-widget-container\">\n\t\t\t\t\t\t\t\t\t<p class=\"Normal tm5\"><strong style=\"color: var( --e-global-color-text ); font-family: var( --e-global-typography-text-font-family ), Sans-serif; font-size: 1rem;\"><span class=\"tm7\">Markisen, das Wohngef\u00fchl in der Natur erleben<\/span><\/strong><\/p><p class=\"Normal tm5\"><span class=\"tm8\">Mit ihrem farbigen Tuch zaubert die Markise eine einzigartige Atmosph\u00e4re zum Wohlf\u00fchlen und Entspannen. <\/span><span class=\"tm8\">Firma R\u00fchle GmbH<\/span><span class=\"tm8\">\u00a0f\u00fchrt die verschiedenen Modelle von Warema, die eine gro\u00dfe Auswahl an Individualisierungen von Tuch und Gestell erm\u00f6glichen. Bei Bedarf k\u00f6nnen Seiten-Markisen sowie Volant-Rollos erg\u00e4nzt werden, um Wind, tiefstehende Sonne und neugierige Blicke abzuhalten. In den k\u00fchlen Abendstunden versprechen optionale Heizstrahler angenehme Temperaturen unter der Markise und dimmbare LED-Stripes sorgen f\u00fcr ein stimmungsvolles Ambiente. Die Bedienung der Markisen und des Zubeh\u00f6rs erfolgt unkompliziert elektronisch oder digital per Handsender oder Smartphone. Zur Auswahl stehen unter anderem die Terrea Terrassen-Markisen als Kassetten-Markisen mit einem sch\u00fctzenden Geh\u00e4use f\u00fcr Tuch und Gestellteile sowie Gelenkarm-Markisen f\u00fcr alle wettergesch\u00fctzten Einbauorte. Sehr stabil und gleichzeitig edel zeigen sich die Perea Pergola-Markisen, die sich selbst f\u00fcr windexponierte Lagen eignen. Zudem geh\u00f6ren zum Programm auch wetterfeste Modelle, die zuverl\u00e4ssig vor Regen sch\u00fctzen.<\/span><\/p>\t\t\t\t\t\t\t\t<\/div>\n\t\t\t\t<\/div>\n\t\t\t\t\t<\/div>\n\t\t<\/div>\n\t\t\t\t\t<\/div>\n\t\t<\/section>\n\t\t\t\t<section class=\"elementor-section elementor-top-section elementor-element elementor-element-baab9e2 elementor-section-boxed elementor-section-height-default elementor-section-height-default\" data-id=\"baab9e2\" data-element_type=\"section\" data-e-type=\"section\">\n\t\t\t\t\t\t<div class=\"elementor-container elementor-column-gap-default\">\n\t\t\t\t\t<div class=\"elementor-column elementor-col-100 elementor-top-column elementor-element elementor-element-542187a\" data-id=\"542187a\" data-element_type=\"column\" data-e-type=\"column\">\n\t\t\t<div class=\"elementor-widget-wrap elementor-element-populated\">\n\t\t\t\t\t\t<div class=\"elementor-element elementor-element-089131c elementor-widget elementor-widget-image\" data-id=\"089131c\" data-element_type=\"widget\" data-e-type=\"widget\" data-widget_type=\"image.default\">\n\t\t\t\t<div class=\"elementor-widget-container\">\n\t\t\t\t\t\t\t\t\t\t\t\t<figure class=\"wp-caption\">\n\t\t\t\t\t\t\t\t\t\t\t<a href=\"https:\/\/ruehle-gmbh.de\/wp-content\/uploads\/2022\/03\/WAREMA_Terrea_G60_9977138_391640-scaled.jpg\" data-elementor-open-lightbox=\"yes\" data-elementor-lightbox-title=\"WAREMA_Terrea_G60_9977138_391640\" data-e-action-hash=\"#elementor-action%3Aaction%3Dlightbox%26settings%3DeyJpZCI6MTg4LCJ1cmwiOiJodHRwczpcL1wvcnVlaGxlLWdtYmguZGVcL3dwLWNvbnRlbnRcL3VwbG9hZHNcLzIwMjJcLzAzXC9XQVJFTUFfVGVycmVhX0c2MF85OTc3MTM4XzM5MTY0MC1zY2FsZWQuanBnIn0%3D\">\n\t\t\t\t\t\t\t<img decoding=\"async\" width=\"2560\" height=\"1761\" src=\"https:\/\/ruehle-gmbh.de\/wp-content\/uploads\/2022\/03\/WAREMA_Terrea_G60_9977138_391640-scaled.jpg\" class=\"attachment-full size-full wp-image-188\" alt=\"\" srcset=\"https:\/\/ruehle-gmbh.de\/wp-content\/uploads\/2022\/03\/WAREMA_Terrea_G60_9977138_391640-scaled.jpg 2560w, https:\/\/ruehle-gmbh.de\/wp-content\/uploads\/2022\/03\/WAREMA_Terrea_G60_9977138_391640-300x206.jpg 300w, https:\/\/ruehle-gmbh.de\/wp-content\/uploads\/2022\/03\/WAREMA_Terrea_G60_9977138_391640-1024x705.jpg 1024w, https:\/\/ruehle-gmbh.de\/wp-content\/uploads\/2022\/03\/WAREMA_Terrea_G60_9977138_391640-768x528.jpg 768w, https:\/\/ruehle-gmbh.de\/wp-content\/uploads\/2022\/03\/WAREMA_Terrea_G60_9977138_391640-1536x1057.jpg 1536w, https:\/\/ruehle-gmbh.de\/wp-content\/uploads\/2022\/03\/WAREMA_Terrea_G60_9977138_391640-2048x1409.jpg 2048w\" sizes=\"(max-width: 2560px) 100vw, 2560px\" \/>\t\t\t\t\t\t\t\t<\/a>\n\t\t\t\t\t\t\t\t\t\t\t<figcaption class=\"widget-image-caption wp-caption-text\"><\/figcaption>\n\t\t\t\t\t\t\t\t\t\t<\/figure>\n\t\t\t\t\t\t\t\t\t<\/div>\n\t\t\t\t<\/div>\n\t\t\t\t\t<\/div>\n\t\t<\/div>\n\t\t\t\t\t<\/div>\n\t\t<\/section>\n\t\t\t\t<\/div>\n\t\t","protected":false},"excerpt":{"rendered":"<p>Outdoor Living \u2013 Lebensraum wird zu Freiraum Den passenden Sonnenschutz finden mit Firma R\u00fchle GmbH\u00a0 Die Sommerw\u00e4rme aufsaugen, die Bl\u00e4tter in einer sanften Brise rascheln h\u00f6ren, den w\u00fcrzigen Duft regennasser Erde einatmen \u2013 Menschen brauchen die Natur, um sich vom hektischen Alltag zu erholen. Das Leben drau\u00dfen wird als Ausgleich immer wichtiger und Garten, Terrasse [&hellip;]<\/p>\n","protected":false},"author":1,"featured_media":0,"parent":0,"menu_order":0,"comment_status":"closed","ping_status":"closed","template":"","meta":{"inline_featured_image":false,"footnotes":""},"class_list":["post-186","page","type-page","status-publish","hentry"],"_links":{"self":[{"href":"https:\/\/ruehle-gmbh.de\/index.php\/wp-json\/wp\/v2\/pages\/186","targetHints":{"allow":["GET"]}}],"collection":[{"href":"https:\/\/ruehle-gmbh.de\/index.php\/wp-json\/wp\/v2\/pages"}],"about":[{"href":"https:\/\/ruehle-gmbh.de\/index.php\/wp-json\/wp\/v2\/types\/page"}],"author":[{"embeddable":true,"href":"https:\/\/ruehle-gmbh.de\/index.php\/wp-json\/wp\/v2\/users\/1"}],"replies":[{"embeddable":true,"href":"https:\/\/ruehle-gmbh.de\/index.php\/wp-json\/wp\/v2\/comments?post=186"}],"version-history":[{"count":39,"href":"https:\/\/ruehle-gmbh.de\/index.php\/wp-json\/wp\/v2\/pages\/186\/revisions"}],"predecessor-version":[{"id":810,"href":"https:\/\/ruehle-gmbh.de\/index.php\/wp-json\/wp\/v2\/pages\/186\/revisions\/810"}],"wp:attachment":[{"href":"https:\/\/ruehle-gmbh.de\/index.php\/wp-json\/wp\/v2\/media?parent=186"}],"curies":[{"name":"wp","href":"https:\/\/api.w.org\/{rel}","templated":true}]}}